{"id":58,"date":"2017-09-01T00:15:58","date_gmt":"2017-09-01T00:15:58","guid":{"rendered":"http:\/\/vedatkaptanyurdakul.com\/vky\/?page_id=58"},"modified":"2023-01-17T00:55:28","modified_gmt":"2023-01-17T00:55:28","slug":"saheserler","status":"publish","type":"page","link":"https:\/\/vedatkaptanyurdakul.com\/vky\/?page_id=58","title":{"rendered":"Saheserler"},"content":{"rendered":"<p>2016 y\u0131l\u0131nda TRT M\u00fczik ekranlar\u0131nda yay\u0131nlanan \u015eaheserler program\u0131nda Klasik T\u00fcrk M\u00fczi\u011fimizin ba\u015f tac\u0131 eserleri, Vedat Kaptan Yurdakul&#8217;un \u015fefli\u011finde, TRT sanat\u00e7\u0131lar\u0131n\u0131n yorumlar\u0131yla ekrana ta\u015f\u0131nm\u0131\u015ft\u0131r.<\/p>\n","protected":false},"excerpt":{"rendered":"<p>2016 y\u0131l\u0131nda TRT M\u00fczik ekranlar\u0131nda yay\u0131nlanan \u015eaheserler program\u0131nda Klasik T\u00fcrk M\u00fczi\u011fimizin ba\u015f tac\u0131 eserleri, Vedat Kaptan Yurdakul&#8217;un \u015fefli\u011finde, TRT sanat\u00e7\u0131lar\u0131n\u0131n yorumlar\u0131yla ekrana ta\u015f\u0131nm\u0131\u015ft\u0131r.<\/p>\n","protected":false},"author":1,"featured_media":67,"parent":0,"menu_order":0,"comment_status":"closed","ping_status":"closed","template":"","meta":[],"_links":{"self":[{"href":"https:\/\/vedatkaptanyurdakul.com\/vky\/index.php?rest_route=\/wp\/v2\/pages\/58"}],"collection":[{"href":"https:\/\/vedatkaptanyurdakul.com\/vky\/index.php?rest_route=\/wp\/v2\/pages"}],"about":[{"href":"https:\/\/vedatkaptanyurdakul.com\/vky\/index.php?rest_route=\/wp\/v2\/types\/page"}],"author":[{"embeddable":true,"href":"https:\/\/vedatkaptanyurdakul.com\/vky\/index.php?rest_route=\/wp\/v2\/users\/1"}],"replies":[{"embeddable":true,"href":"https:\/\/vedatkaptanyurdakul.com\/vky\/index.php?rest_route=%2Fwp%2Fv2%2Fcomments&post=58"}],"version-history":[{"count":10,"href":"https:\/\/vedatkaptanyurdakul.com\/vky\/index.php?rest_route=\/wp\/v2\/pages\/58\/revisions"}],"predecessor-version":[{"id":707,"href":"https:\/\/vedatkaptanyurdakul.com\/vky\/index.php?rest_route=\/wp\/v2\/pages\/58\/revisions\/707"}],"wp:featuredmedia":[{"embeddable":true,"href":"https:\/\/vedatkaptanyurdakul.com\/vky\/index.php?rest_route=\/wp\/v2\/media\/67"}],"wp:attachment":[{"href":"https:\/\/vedatkaptanyurdakul.com\/vky\/index.php?rest_route=%2Fwp%2Fv2%2Fmedia&parent=58"}],"curies":[{"name":"wp","href":"https:\/\/api.w.org\/{rel}","templated":true}]}}