{"id":27,"date":"2017-08-31T22:45:56","date_gmt":"2017-08-31T22:45:56","guid":{"rendered":"http:\/\/vedatkaptanyurdakul.com\/vky\/?page_id=27"},"modified":"2022-11-14T20:33:47","modified_gmt":"2022-11-14T20:33:47","slug":"arsiv","status":"publish","type":"page","link":"https:\/\/vedatkaptanyurdakul.com\/vky\/?page_id=27","title":{"rendered":"Arsiv"},"content":{"rendered":"<ul>\n<li><a href=\"http:\/\/www.trtarsiv.com\/izle\/124632\/vedat-kaptan-yurdakul-aksamin-oldugu-yerde-bekle-diyorsun-gelmiyorsun\" target=\"_blank\" rel=\"noopener\">T\u00fcrk Sanat M\u00fczi\u011fi Radyo Sanat\u00e7\u0131lar\u0131 Konserleri (\u015eef: Ziya Ta\u015fkent)<\/a><\/li>\n<li>Erguvan Kona\u011f\u0131 [2005]-&nbsp;<em>Emel Ta\u015f\u00e7\u0131o\u011flu ile birlikte<\/em><\/li>\n<li>TRT T\u00fcrk Sanat M\u00fczi\u011fi Gen\u00e7lik Korosu \u015eefli\u011fi [2006]<\/li>\n<li>Kaptan-\u0131 Derya [2007- TRT 4, <em>Sal\u0131 g\u00fcnleri 15.00-16.00<\/em>]<\/li>\n<li>Solistler Ge\u00e7idi [2008]<\/li>\n<li><a href=\"http:\/\/www.trtarsiv.com\/izle\/100457\/vedat-kaptan-yurdakul-cile-bulbulum\" target=\"_blank\" rel=\"noopener\">Radyo Konserleri- T\u00fcrk\u00fcden Besteye- <em>Konuk Sanat\u00e7\u0131<\/em><\/a><\/li>\n<li>G\u00fcfteden Besteye Program\u0131 [TRT M]- <em>Nurten Demirkol ile birlikte<\/em><\/li>\n<li>Radyo G\u00fcnleri<\/li>\n<li>G\u00fcfteden Besteye- TRT Na\u011fme [2010-&#8230;.]-&nbsp;<em>Nurten Demirkol ile birlikte<\/em><\/li>\n<li>\u0130stekar [2014]- <em>Emel Ta\u015f\u00e7\u0131o\u011flu ile birlikte<\/em><\/li>\n<li>\u015eark\u0131lar Ufka Yelken A\u00e7t\u0131 (Radyo Sanat\u00e7\u0131lar\u0131 Konserleri)- <em>Cemile Uncu, Ay\u015fe Ta\u015f ve Hasan Eylen ile birlikte<\/em><\/li>\n<\/ul>\n<p><iframe loading=\"lazy\" src=\"https:\/\/www.youtube.com\/embed\/S5Bcp6t5t5c\" width=\"560\" height=\"315\" frameborder=\"0\" allowfullscreen=\"allowfullscreen\"><\/iframe><\/p>\n<ul>\n<li>Avni An\u0131l Besteleri Konseri [20.04.2016]<\/li>\n<\/ul>\n<p><iframe loading=\"lazy\" src=\"https:\/\/www.youtube.com\/embed\/lPmbpO7iwbI\" width=\"560\" height=\"315\" frameborder=\"0\" allowfullscreen=\"allowfullscreen\"><\/iframe><\/p>\n<ul>\n<li>Radyo Sanat\u00e7\u0131lar\u0131 Konseri [14.12.2016- Selahattin Alt\u0131nba\u015f Besteleri]- <em>Elif G\u00fcre\u015f\u00e7i ve Burcu G\u00f6kt\u00fcrk ile birlikte<\/em><\/li>\n<\/ul>\n<p><iframe loading=\"lazy\" src=\"https:\/\/www.youtube.com\/embed\/srsE3BmAXus\" width=\"560\" height=\"315\" frameborder=\"0\" allowfullscreen=\"allowfullscreen\"><\/iframe><\/p>\n<ul>\n<li>TRT Avaz- Azerin&#8217;le Tek Y\u00fcrek Program\u0131 Konuk Sanat\u00e7\u0131 [13.04.2017]-&nbsp;<em>Emel Ta\u015f\u00e7\u0131o\u011flu ile birlikte<\/em><\/li>\n<\/ul>\n<p><iframe loading=\"lazy\" src=\"https:\/\/www.youtube.com\/embed\/ttqODHl0p9M\" width=\"560\" height=\"315\" frameborder=\"0\" allowfullscreen=\"allowfullscreen\"><\/iframe><\/p>\n","protected":false},"excerpt":{"rendered":"<p>T\u00fcrk Sanat M\u00fczi\u011fi Radyo Sanat\u00e7\u0131lar\u0131 Konserleri (\u015eef: Ziya Ta\u015fkent) Erguvan Kona\u011f\u0131 [2005]-&nbsp;Emel Ta\u015f\u00e7\u0131o\u011flu ile birlikte TRT T\u00fcrk Sanat M\u00fczi\u011fi Gen\u00e7lik Korosu \u015eefli\u011fi [2006] Kaptan-\u0131 Derya [2007- TRT 4, Sal\u0131 g\u00fcnleri 15.00-16.00] Solistler Ge\u00e7idi [2008] Radyo Konserleri- T\u00fcrk\u00fcden Besteye- Konuk Sanat\u00e7\u0131 G\u00fcfteden Besteye Program\u0131 [TRT M]- Nurten Demirkol ile birlikte Radyo G\u00fcnleri G\u00fcfteden Besteye- TRT Na\u011fme [2010-&#8230;.]-&nbsp;Nurten Demirkol ile birlikte \u0130stekar<\/p>\n","protected":false},"author":1,"featured_media":94,"parent":0,"menu_order":0,"comment_status":"closed","ping_status":"closed","template":"","meta":[],"_links":{"self":[{"href":"https:\/\/vedatkaptanyurdakul.com\/vky\/index.php?rest_route=\/wp\/v2\/pages\/27"}],"collection":[{"href":"https:\/\/vedatkaptanyurdakul.com\/vky\/index.php?rest_route=\/wp\/v2\/pages"}],"about":[{"href":"https:\/\/vedatkaptanyurdakul.com\/vky\/index.php?rest_route=\/wp\/v2\/types\/page"}],"author":[{"embeddable":true,"href":"https:\/\/vedatkaptanyurdakul.com\/vky\/index.php?rest_route=\/wp\/v2\/users\/1"}],"replies":[{"embeddable":true,"href":"https:\/\/vedatkaptanyurdakul.com\/vky\/index.php?rest_route=%2Fwp%2Fv2%2Fcomments&post=27"}],"version-history":[{"count":12,"href":"https:\/\/vedatkaptanyurdakul.com\/vky\/index.php?rest_route=\/wp\/v2\/pages\/27\/revisions"}],"predecessor-version":[{"id":557,"href":"https:\/\/vedatkaptanyurdakul.com\/vky\/index.php?rest_route=\/wp\/v2\/pages\/27\/revisions\/557"}],"wp:featuredmedia":[{"embeddable":true,"href":"https:\/\/vedatkaptanyurdakul.com\/vky\/index.php?rest_route=\/wp\/v2\/media\/94"}],"wp:attachment":[{"href":"https:\/\/vedatkaptanyurdakul.com\/vky\/index.php?rest_route=%2Fwp%2Fv2%2Fmedia&parent=27"}],"curies":[{"name":"wp","href":"https:\/\/api.w.org\/{rel}","templated":true}]}}