{"id":21,"date":"2017-08-31T22:45:13","date_gmt":"2017-08-31T22:45:13","guid":{"rendered":"http:\/\/vedatkaptanyurdakul.com\/vky\/?page_id=21"},"modified":"2019-01-27T23:38:27","modified_gmt":"2019-01-27T23:38:27","slug":"kimdir","status":"publish","type":"page","link":"https:\/\/vedatkaptanyurdakul.com\/vky\/?page_id=21","title":{"rendered":"Kimdir?"},"content":{"rendered":"<p>Ankara&#8217;da do\u011fan Vedat Kaptan Yurdakul, Gazi E\u011fitim Enstit\u00fcs\u00fc M\u00fczik B\u00f6l\u00fcm\u00fc&#8217;n\u00fc bitirdi. 1981 y\u0131l\u0131nda TRT&#8217;nin a\u00e7m\u0131\u015f oldu\u011fu T\u00fcrk Sanat M\u00fczi\u011fi ve T\u00fcrk Halk M\u00fczi\u011fi ses sanat\u00e7\u0131l\u0131\u011f\u0131 s\u0131navlar\u0131na girdi. Her ikisini de kazand\u0131. Staj d\u00f6neminde Ferid S\u0131dal, Ahmet Hatipo\u011flu, Y\u00fcksel Kip, Tar\u0131k Kip, Dr. Nazmi \u00d6zalp, Metin Everes ve M\u00fcberra Yetkin&#8217;in \u00f6\u011frencisi oldu. Hocas\u0131 Ferid S\u0131dal&#8217;\u0131n te\u015fvikiyle T\u00fcrk Sanat M\u00fczi\u011fi&#8217;ni tercih etti. 3 y\u0131l s\u00fcresince \u00e7ok say\u0131da s\u0131navdan ba\u015far\u0131l\u0131 \u00e7\u0131karak 18 arkada\u015f\u0131yla birlikte kadrolu sanat\u00e7\u0131 olarak Ankara Radyosu&#8217;nda g\u00f6reve ba\u015flad\u0131. Sanat ya\u015fam\u0131n\u0131n bundan sonraki a\u015famalar\u0131nda Mustafa Erses, Bekir S\u0131tk\u0131 Sezgin, Dr. Alaeddin Yava\u015f\u00e7a ve Muzaffer \u0130lkar&#8217;dan feyz ald\u0131.<\/p>\n<p>Radyo ve televizyonda \u00e7ok say\u0131da program ger\u00e7ekle\u015ftirdi. 1991&#8217;de M\u00fczik Dairesi Ba\u015fkanl\u0131\u011f\u0131&#8217;nda uzmanl\u0131k kadrosu ald\u0131. 1996&#8217;da TRT T\u00fcrk San&#8217;at M\u00fczi\u011fi Gen\u00e7lik Korosu \u015fefli\u011fine getirildi. Ayn\u0131 d\u00f6nemde Konya Sel\u00e7uk \u00dcniversitesi b\u00fcnyesinde kurulan T\u00fcrk M\u00fczi\u011fi Devlet Konservatuvar\u0131&#8217;nda \u015fan ve eser icras\u0131 dersleri verdi. 1999 y\u0131l\u0131nda girdi\u011fi topluluk \u015fefli\u011fi s\u0131nav\u0131n\u0131 birincilikle bitirerek Klasik Koro \u015eefi oldu. 2003 y\u0131l\u0131ndan itibaren uzunca bir s\u00fcre Denetim ve Repertuar Kurulu \u00fcyeli\u011fi yapt\u0131.<\/p>\n<p>2018 y\u0131l\u0131nda TRT&#8217;deki g\u00f6revinden emekli olan Vedat Kaptan Yurdakul, \u00e7ok say\u0131da koroda e\u011fitmen ve \u015fef olarak m\u00fczi\u011fimize hizmet vermeye devam etmektedir. <\/p>\n","protected":false},"excerpt":{"rendered":"<p>Ankara&#8217;da do\u011fan Vedat Kaptan Yurdakul, Gazi E\u011fitim Enstit\u00fcs\u00fc M\u00fczik B\u00f6l\u00fcm\u00fc&#8217;n\u00fc bitirdi. 1981 y\u0131l\u0131nda TRT&#8217;nin a\u00e7m\u0131\u015f oldu\u011fu T\u00fcrk Sanat M\u00fczi\u011fi ve T\u00fcrk Halk M\u00fczi\u011fi ses sanat\u00e7\u0131l\u0131\u011f\u0131 s\u0131navlar\u0131na girdi. Her ikisini de kazand\u0131. Staj d\u00f6neminde Ferid S\u0131dal, Ahmet Hatipo\u011flu, Y\u00fcksel Kip, Tar\u0131k Kip, Dr. Nazmi \u00d6zalp, Metin Everes ve M\u00fcberra Yetkin&#8217;in \u00f6\u011frencisi oldu. Hocas\u0131 Ferid S\u0131dal&#8217;\u0131n te\u015fvikiyle T\u00fcrk Sanat M\u00fczi\u011fi&#8217;ni tercih etti.<\/p>\n","protected":false},"author":1,"featured_media":44,"parent":0,"menu_order":0,"comment_status":"closed","ping_status":"closed","template":"","meta":[],"_links":{"self":[{"href":"https:\/\/vedatkaptanyurdakul.com\/vky\/index.php?rest_route=\/wp\/v2\/pages\/21"}],"collection":[{"href":"https:\/\/vedatkaptanyurdakul.com\/vky\/index.php?rest_route=\/wp\/v2\/pages"}],"about":[{"href":"https:\/\/vedatkaptanyurdakul.com\/vky\/index.php?rest_route=\/wp\/v2\/types\/page"}],"author":[{"embeddable":true,"href":"https:\/\/vedatkaptanyurdakul.com\/vky\/index.php?rest_route=\/wp\/v2\/users\/1"}],"replies":[{"embeddable":true,"href":"https:\/\/vedatkaptanyurdakul.com\/vky\/index.php?rest_route=%2Fwp%2Fv2%2Fcomments&post=21"}],"version-history":[{"count":5,"href":"https:\/\/vedatkaptanyurdakul.com\/vky\/index.php?rest_route=\/wp\/v2\/pages\/21\/revisions"}],"predecessor-version":[{"id":298,"href":"https:\/\/vedatkaptanyurdakul.com\/vky\/index.php?rest_route=\/wp\/v2\/pages\/21\/revisions\/298"}],"wp:featuredmedia":[{"embeddable":true,"href":"https:\/\/vedatkaptanyurdakul.com\/vky\/index.php?rest_route=\/wp\/v2\/media\/44"}],"wp:attachment":[{"href":"https:\/\/vedatkaptanyurdakul.com\/vky\/index.php?rest_route=%2Fwp%2Fv2%2Fmedia&parent=21"}],"curies":[{"name":"wp","href":"https:\/\/api.w.org\/{rel}","templated":true}]}}