{"id":135,"date":"2017-09-03T00:18:14","date_gmt":"2017-09-03T00:18:14","guid":{"rendered":"http:\/\/vedatkaptanyurdakul.com\/vky\/?page_id=135"},"modified":"2023-01-17T00:51:49","modified_gmt":"2023-01-17T00:51:49","slug":"videomuzik","status":"publish","type":"page","link":"https:\/\/vedatkaptanyurdakul.com\/vky\/?page_id=135","title":{"rendered":"Video\/M\u00fczik"},"content":{"rendered":"<p><iframe loading=\"lazy\" src=\"https:\/\/w.soundcloud.com\/player\/?url=https%3A\/\/api.soundcloud.com\/users\/208691141&amp;color=ff2100&amp;auto_play=false&amp;hide_related=false&amp;show_comments=true&amp;show_user=true&amp;show_reposts=false\" width=\"100%\" height=\"450\" frameborder=\"no\" scrolling=\"no\"><\/iframe><\/p>\n<p><iframe loading=\"lazy\" src=\"http:\/\/bizdenezgiler.com\/embed.php?w=400&amp;h=150&amp;eser=545\" width=\"400\" height=\"150\" frameborder=\"0\"><\/iframe><\/p>\n<p><iframe loading=\"lazy\" title=\"Vedat Kaptan Yurdakul &amp; Cihan Yurdakul - Bo\u015funaym\u0131\u015f (Konser Kayd\u0131)\" width=\"1080\" height=\"810\" src=\"https:\/\/www.youtube.com\/embed\/X70UzaopC4o?feature=oembed\" frameborder=\"0\" allow=\"accelerometer; autoplay; clipboard-write; encrypted-media; gyroscope; picture-in-picture; web-share\" allowfullscreen><\/iframe><\/p>\n<p><iframe loading=\"lazy\" title=\"Vedat Kaptan Yurdakul - R\u00fcya gibi u\u00e7an y\u0131llar (Klip)\" width=\"1080\" height=\"608\" src=\"https:\/\/www.youtube.com\/embed\/9fjZb2oTVUU?feature=oembed\" frameborder=\"0\" allow=\"accelerometer; autoplay; clipboard-write; encrypted-media; gyroscope; picture-in-picture; web-share\" allowfullscreen><\/iframe><\/p>\n<p><iframe loading=\"lazy\" title=\"Vedat Kaptan Yurdakul- Hasretim Sana (Konser Kayd\u0131)\" width=\"1080\" height=\"810\" src=\"https:\/\/www.youtube.com\/embed\/yii_jFjuQjE?feature=oembed\" frameborder=\"0\" allow=\"accelerometer; autoplay; clipboard-write; encrypted-media; gyroscope; picture-in-picture; web-share\" allowfullscreen><\/iframe><\/p>\n<p><iframe loading=\"lazy\" src=\"https:\/\/player.vimeo.com\/video\/214500540\" width=\"640\" height=\"360\" frameborder=\"0\" allowfullscreen=\"allowfullscreen\"><\/iframe><\/p>\n","protected":false},"excerpt":{"rendered":"","protected":false},"author":1,"featured_media":97,"parent":27,"menu_order":0,"comment_status":"closed","ping_status":"closed","template":"","meta":[],"_links":{"self":[{"href":"https:\/\/vedatkaptanyurdakul.com\/vky\/index.php?rest_route=\/wp\/v2\/pages\/135"}],"collection":[{"href":"https:\/\/vedatkaptanyurdakul.com\/vky\/index.php?rest_route=\/wp\/v2\/pages"}],"about":[{"href":"https:\/\/vedatkaptanyurdakul.com\/vky\/index.php?rest_route=\/wp\/v2\/types\/page"}],"author":[{"embeddable":true,"href":"https:\/\/vedatkaptanyurdakul.com\/vky\/index.php?rest_route=\/wp\/v2\/users\/1"}],"replies":[{"embeddable":true,"href":"https:\/\/vedatkaptanyurdakul.com\/vky\/index.php?rest_route=%2Fwp%2Fv2%2Fcomments&post=135"}],"version-history":[{"count":15,"href":"https:\/\/vedatkaptanyurdakul.com\/vky\/index.php?rest_route=\/wp\/v2\/pages\/135\/revisions"}],"predecessor-version":[{"id":700,"href":"https:\/\/vedatkaptanyurdakul.com\/vky\/index.php?rest_route=\/wp\/v2\/pages\/135\/revisions\/700"}],"up":[{"embeddable":true,"href":"https:\/\/vedatkaptanyurdakul.com\/vky\/index.php?rest_route=\/wp\/v2\/pages\/27"}],"wp:featuredmedia":[{"embeddable":true,"href":"https:\/\/vedatkaptanyurdakul.com\/vky\/index.php?rest_route=\/wp\/v2\/media\/97"}],"wp:attachment":[{"href":"https:\/\/vedatkaptanyurdakul.com\/vky\/index.php?rest_route=%2Fwp%2Fv2%2Fmedia&parent=135"}],"curies":[{"name":"wp","href":"https:\/\/api.w.org\/{rel}","templated":true}]}}